{"id":428,"date":"2019-12-16T11:02:30","date_gmt":"2019-12-16T16:02:30","guid":{"rendered":"https:\/\/chaireriss.uqam.ca\/?page_id=428"},"modified":"2023-03-28T17:00:22","modified_gmt":"2023-03-28T21:00:22","slug":"students","status":"publish","type":"page","link":"https:\/\/chaireriss.uqam.ca\/en\/the-team\/students\/","title":{"rendered":"Students and Research Support Team"},"content":{"rendered":"\n<figure class=\"wp-block-table\"><table><tbody><tr><td>H\u00e9l\u00e8ne Gaudreau<\/td><td>Research officer and member of the coordination team (RISS Chair), Psychology, UQAM<\/td><\/tr><tr><td>Benoit Martel<\/td><td>Administrative Coordinator and Webmaster, Psychology, UQAM<\/td><\/tr><tr><td>\u00c9lianne Carrier<\/td><td>Graduate student, Research Coordinator (Logement social et ses effets), Psychology, UQAM<\/td><\/tr><tr><td>Stephanie Radziszewski<br><\/td><td>Graduate student, Research Coordinator, Psychology, UQAM<br><\/td><\/tr><tr><td>Benjamin Reynolds<\/td><td>Research assistant, Psychology, UQAM<\/td><\/tr><tr><td>Jacob Castonguay<\/td><td>Research assistant and Webmaster, Psychology, UQAM<\/td><\/tr><\/tbody><\/table><\/figure>\n","protected":false},"excerpt":{"rendered":"<p>H\u00e9l\u00e8ne Gaudreau Research officer and member of the coordination team (RISS Chair), Psychology, UQAM Benoit Martel Administrative Coordinator and Webmaster, Psychology, UQAM \u00c9lianne Carrier Graduate student, Research Coordinator (Logement social et ses effets), Psychology, UQAM Stephanie Radziszewski Graduate student, Research Coordinator, Psychology, UQAM Benjamin Reynolds Research assistant, Psychology, UQAM Jacob Castonguay Research assistant and Webmaster, [&hellip;]<\/p>\n","protected":false},"author":496,"featured_media":0,"parent":362,"menu_order":0,"comment_status":"closed","ping_status":"closed","template":"","meta":{"_editorskit_title_hidden":false,"_editorskit_reading_time":1,"_editorskit_is_block_options_detached":false,"_editorskit_block_options_position":"{}","footnotes":""},"categories":[],"class_list":["post-428","page","type-page","status-publish","hentry"],"yoast_head":"<!-- This site is optimized with the Yoast SEO plugin v27.4 - https:\/\/yoast.com\/product\/yoast-seo-wordpress\/ -->\n<title>Students and Research Support Team | Chaire de recherche sur la r\u00e9duction des in\u00e9galit\u00e9s sociales de sant\u00e9<\/title>\n<meta name=\"robots\" content=\"index, follow, max-snippet:-1, max-image-preview:large, max-video-preview:-1\" \/>\n<link rel=\"canonical\" href=\"https:\/\/chaireriss.uqam.ca\/en\/the-team\/students\/\" \/>\n<meta property=\"og:locale\" content=\"en_US\" \/>\n<meta property=\"og:type\" content=\"article\" \/>\n<meta property=\"og:title\" content=\"Students and Research Support Team | Chaire de recherche sur la r\u00e9duction des in\u00e9galit\u00e9s sociales de sant\u00e9\" \/>\n<meta property=\"og:description\" content=\"H\u00e9l\u00e8ne Gaudreau Research officer and member of the coordination team (RISS Chair), Psychology, UQAM Benoit Martel Administrative Coordinator and Webmaster, Psychology, UQAM \u00c9lianne Carrier Graduate student, Research Coordinator (Logement social et ses effets), Psychology, UQAM Stephanie Radziszewski Graduate student, Research Coordinator, Psychology, UQAM Benjamin Reynolds Research assistant, Psychology, UQAM Jacob Castonguay Research assistant and Webmaster, [&hellip;]\" \/>\n<meta property=\"og:url\" content=\"https:\/\/chaireriss.uqam.ca\/en\/the-team\/students\/\" \/>\n<meta property=\"og:site_name\" content=\"Chaire de recherche sur la r\u00e9duction des in\u00e9galit\u00e9s sociales de sant\u00e9\" \/>\n<meta property=\"article:modified_time\" content=\"2023-03-28T21:00:22+00:00\" \/>\n<meta name=\"twitter:card\" content=\"summary_large_image\" \/>\n<meta name=\"twitter:label1\" content=\"Est. reading time\" \/>\n\t<meta name=\"twitter:data1\" content=\"1 minute\" \/>\n<script type=\"application\/ld+json\" class=\"yoast-schema-graph\">{\"@context\":\"https:\\\/\\\/schema.org\",\"@graph\":[{\"@type\":\"WebPage\",\"@id\":\"https:\\\/\\\/chaireriss.uqam.ca\\\/en\\\/the-team\\\/students\\\/\",\"url\":\"https:\\\/\\\/chaireriss.uqam.ca\\\/en\\\/the-team\\\/students\\\/\",\"name\":\"Students and Research Support Team | Chaire de recherche sur la r\u00e9duction des in\u00e9galit\u00e9s sociales de sant\u00e9\",\"isPartOf\":{\"@id\":\"https:\\\/\\\/chaireriss.uqam.ca\\\/#website\"},\"datePublished\":\"2019-12-16T16:02:30+00:00\",\"dateModified\":\"2023-03-28T21:00:22+00:00\",\"breadcrumb\":{\"@id\":\"https:\\\/\\\/chaireriss.uqam.ca\\\/en\\\/the-team\\\/students\\\/#breadcrumb\"},\"inLanguage\":\"en-US\",\"potentialAction\":[{\"@type\":\"ReadAction\",\"target\":[\"https:\\\/\\\/chaireriss.uqam.ca\\\/en\\\/the-team\\\/students\\\/\"]}]},{\"@type\":\"BreadcrumbList\",\"@id\":\"https:\\\/\\\/chaireriss.uqam.ca\\\/en\\\/the-team\\\/students\\\/#breadcrumb\",\"itemListElement\":[{\"@type\":\"ListItem\",\"position\":1,\"name\":\"UQAM\",\"item\":\"https:\\\/\\\/uqam.ca\"},{\"@type\":\"ListItem\",\"position\":2,\"name\":\"Chaire de recherche sur la r\u00e9duction des in\u00e9galit\u00e9s sociales de sant\u00e9\",\"item\":\"https:\\\/\\\/chaireriss.uqam.ca\\\/en\\\/\"},{\"@type\":\"ListItem\",\"position\":3,\"name\":\"The Team\",\"item\":\"https:\\\/\\\/chaireriss.uqam.ca\\\/en\\\/?page_id=362\"},{\"@type\":\"ListItem\",\"position\":4,\"name\":\"Students and Research Support Team\"}]},{\"@type\":\"WebSite\",\"@id\":\"https:\\\/\\\/chaireriss.uqam.ca\\\/#website\",\"url\":\"https:\\\/\\\/chaireriss.uqam.ca\\\/\",\"name\":\"Chaire de recherche sur la r\u00e9duction des in\u00e9galit\u00e9s sociales de sant\u00e9\",\"description\":\"\",\"potentialAction\":[{\"@type\":\"SearchAction\",\"target\":{\"@type\":\"EntryPoint\",\"urlTemplate\":\"https:\\\/\\\/chaireriss.uqam.ca\\\/en\\\/\\\/recherche\\\/?q={search_term_string}\"},\"query-input\":{\"@type\":\"PropertyValueSpecification\",\"valueRequired\":true,\"valueName\":\"search_term_string\"}}],\"inLanguage\":\"en-US\"}]}<\/script>\n<!-- \/ Yoast SEO plugin. -->","yoast_head_json":{"title":"Students and Research Support Team | Chaire de recherche sur la r\u00e9duction des in\u00e9galit\u00e9s sociales de sant\u00e9","robots":{"index":"index","follow":"follow","max-snippet":"max-snippet:-1","max-image-preview":"max-image-preview:large","max-video-preview":"max-video-preview:-1"},"canonical":"https:\/\/chaireriss.uqam.ca\/en\/the-team\/students\/","og_locale":"en_US","og_type":"article","og_title":"Students and Research Support Team | Chaire de recherche sur la r\u00e9duction des in\u00e9galit\u00e9s sociales de sant\u00e9","og_description":"H\u00e9l\u00e8ne Gaudreau Research officer and member of the coordination team (RISS Chair), Psychology, UQAM Benoit Martel Administrative Coordinator and Webmaster, Psychology, UQAM \u00c9lianne Carrier Graduate student, Research Coordinator (Logement social et ses effets), Psychology, UQAM Stephanie Radziszewski Graduate student, Research Coordinator, Psychology, UQAM Benjamin Reynolds Research assistant, Psychology, UQAM Jacob Castonguay Research assistant and Webmaster, [&hellip;]","og_url":"https:\/\/chaireriss.uqam.ca\/en\/the-team\/students\/","og_site_name":"Chaire de recherche sur la r\u00e9duction des in\u00e9galit\u00e9s sociales de sant\u00e9","article_modified_time":"2023-03-28T21:00:22+00:00","twitter_card":"summary_large_image","twitter_misc":{"Est. reading time":"1 minute"},"schema":{"@context":"https:\/\/schema.org","@graph":[{"@type":"WebPage","@id":"https:\/\/chaireriss.uqam.ca\/en\/the-team\/students\/","url":"https:\/\/chaireriss.uqam.ca\/en\/the-team\/students\/","name":"Students and Research Support Team | Chaire de recherche sur la r\u00e9duction des in\u00e9galit\u00e9s sociales de sant\u00e9","isPartOf":{"@id":"https:\/\/chaireriss.uqam.ca\/#website"},"datePublished":"2019-12-16T16:02:30+00:00","dateModified":"2023-03-28T21:00:22+00:00","breadcrumb":{"@id":"https:\/\/chaireriss.uqam.ca\/en\/the-team\/students\/#breadcrumb"},"inLanguage":"en-US","potentialAction":[{"@type":"ReadAction","target":["https:\/\/chaireriss.uqam.ca\/en\/the-team\/students\/"]}]},{"@type":"BreadcrumbList","@id":"https:\/\/chaireriss.uqam.ca\/en\/the-team\/students\/#breadcrumb","itemListElement":[{"@type":"ListItem","position":1,"name":"UQAM","item":"https:\/\/uqam.ca"},{"@type":"ListItem","position":2,"name":"Chaire de recherche sur la r\u00e9duction des in\u00e9galit\u00e9s sociales de sant\u00e9","item":"https:\/\/chaireriss.uqam.ca\/en\/"},{"@type":"ListItem","position":3,"name":"The Team","item":"https:\/\/chaireriss.uqam.ca\/en\/?page_id=362"},{"@type":"ListItem","position":4,"name":"Students and Research Support Team"}]},{"@type":"WebSite","@id":"https:\/\/chaireriss.uqam.ca\/#website","url":"https:\/\/chaireriss.uqam.ca\/","name":"Chaire de recherche sur la r\u00e9duction des in\u00e9galit\u00e9s sociales de sant\u00e9","description":"","potentialAction":[{"@type":"SearchAction","target":{"@type":"EntryPoint","urlTemplate":"https:\/\/chaireriss.uqam.ca\/en\/\/recherche\/?q={search_term_string}"},"query-input":{"@type":"PropertyValueSpecification","valueRequired":true,"valueName":"search_term_string"}}],"inLanguage":"en-US"}]}},"_links":{"self":[{"href":"https:\/\/chaireriss.uqam.ca\/en\/wp-json\/wp\/v2\/pages\/428","targetHints":{"allow":["GET"]}}],"collection":[{"href":"https:\/\/chaireriss.uqam.ca\/en\/wp-json\/wp\/v2\/pages"}],"about":[{"href":"https:\/\/chaireriss.uqam.ca\/en\/wp-json\/wp\/v2\/types\/page"}],"author":[{"embeddable":true,"href":"https:\/\/chaireriss.uqam.ca\/en\/wp-json\/wp\/v2\/users\/496"}],"replies":[{"embeddable":true,"href":"https:\/\/chaireriss.uqam.ca\/en\/wp-json\/wp\/v2\/comments?post=428"}],"version-history":[{"count":5,"href":"https:\/\/chaireriss.uqam.ca\/en\/wp-json\/wp\/v2\/pages\/428\/revisions"}],"predecessor-version":[{"id":2246,"href":"https:\/\/chaireriss.uqam.ca\/en\/wp-json\/wp\/v2\/pages\/428\/revisions\/2246"}],"up":[{"embeddable":true,"href":"https:\/\/chaireriss.uqam.ca\/en\/wp-json\/wp\/v2\/pages\/362"}],"wp:attachment":[{"href":"https:\/\/chaireriss.uqam.ca\/en\/wp-json\/wp\/v2\/media?parent=428"}],"wp:term":[{"taxonomy":"category","embeddable":true,"href":"https:\/\/chaireriss.uqam.ca\/en\/wp-json\/wp\/v2\/categories?post=428"}],"curies":[{"name":"wp","href":"https:\/\/api.w.org\/{rel}","templated":true}]}}