{"id":281,"date":"2019-07-31T20:39:22","date_gmt":"2019-08-01T00:39:22","guid":{"rendered":"https:\/\/chaireriss.uqam.ca\/?page_id=281"},"modified":"2022-09-13T16:00:54","modified_gmt":"2022-09-13T20:00:54","slug":"governance-committee","status":"publish","type":"page","link":"https:\/\/chaireriss.uqam.ca\/en\/the-chair\/governance-committee\/","title":{"rendered":"Governance Committee"},"content":{"rendered":"\n<p class=\"has-normal-font-size\">The governance committee is composed of citizens living in a situation of socio-economic disadvantage, university researchers, representatives of community organizations and students. It makes decisions on the functioning of the Chair and its programme of activities. <\/p>\n\n\n\n<figure class=\"wp-block-table\"><table><tbody><tr><td>Peter Belland<\/td><td class=\"has-text-align-left\" data-align=\"left\">Citizen, peer researcher, Collectif pour un Qu\u00e9bec sans pauvret\u00e9<\/td><\/tr><tr><td>Pierre Cardinal<\/td><td class=\"has-text-align-left\" data-align=\"left\">Citizen, peer researcher, Laboratoire Vitalit\u00e9<\/td><\/tr><tr><td>Maryline C\u00f4t\u00e9<\/td><td class=\"has-text-align-left\" data-align=\"left\">Citizen, peer researcher, Collectif pour un Qu\u00e9bec sans pauvret\u00e9<\/td><\/tr><tr><td>Marie-Jos\u00e9e Dupuis<\/td><td class=\"has-text-align-left\" data-align=\"left\">Partner, Collectif pour un Qu\u00e9bec sans pauvret\u00e9<\/td><\/tr><tr><td>Jean-Marc Fontan<\/td><td class=\"has-text-align-left\" data-align=\"left\">Professor, Sociology, UQAM&nbsp;<\/td><\/tr><tr><td>Richard Gagn\u00e9<\/td><td class=\"has-text-align-left\" data-align=\"left\">Citizen, president, Comit\u00e9 consultatif des r\u00e9sidents, OMHM<\/td><\/tr><tr><td>H\u00e9l\u00e8ne Gaudreau<\/td><td class=\"has-text-align-left\" data-align=\"left\">Chair coordinator, Research Professional, UQAM<\/td><\/tr><tr><td>Isabel Heck<\/td><td class=\"has-text-align-left\" data-align=\"left\">Research partner<\/td><\/tr><tr><td>Janie Houle<\/td><td class=\"has-text-align-left\" data-align=\"left\">Chairholer, Psychology, UQAM<\/td><\/tr><tr><td>Benoit Martel<\/td><td class=\"has-text-align-left\" data-align=\"left\">Research Professional, Laboratoire Vitalit\u00e9 and Philab&nbsp;<\/td><\/tr><tr><td>Pice-Marc Ntigahera<\/td><td class=\"has-text-align-left\" data-align=\"left\">Citizen, peer researcher, Paroles d\u2019excluEs<\/td><\/tr><tr><td>Stephanie Radziszewski<\/td><td class=\"has-text-align-left\" data-align=\"left\">Postgraduate Student, Psychology, UQAM<\/td><\/tr><\/tbody><\/table><\/figure>\n","protected":false},"excerpt":{"rendered":"<p>The governance committee is composed of citizens living in a situation of socio-economic disadvantage, university researchers, representatives of community organizations and students. It makes decisions on the functioning of the Chair and its programme of activities. Peter Belland Citizen, peer researcher, Collectif pour un Qu\u00e9bec sans pauvret\u00e9 Pierre Cardinal Citizen, peer researcher, Laboratoire Vitalit\u00e9 Maryline [&hellip;]<\/p>\n","protected":false},"author":510,"featured_media":0,"parent":358,"menu_order":0,"comment_status":"closed","ping_status":"closed","template":"","meta":{"_editorskit_title_hidden":false,"_editorskit_reading_time":1,"_editorskit_is_block_options_detached":false,"_editorskit_block_options_position":"{}","footnotes":""},"categories":[],"class_list":["post-281","page","type-page","status-publish","hentry"],"yoast_head":"<!-- This site is optimized with the Yoast SEO plugin v27.4 - https:\/\/yoast.com\/product\/yoast-seo-wordpress\/ -->\n<title>Governance Committee | Chaire de recherche sur la r\u00e9duction des in\u00e9galit\u00e9s sociales de sant\u00e9<\/title>\n<meta name=\"robots\" content=\"index, follow, max-snippet:-1, max-image-preview:large, max-video-preview:-1\" \/>\n<link rel=\"canonical\" href=\"https:\/\/chaireriss.uqam.ca\/en\/the-chair\/governance-committee\/\" \/>\n<meta property=\"og:locale\" content=\"en_US\" \/>\n<meta property=\"og:type\" content=\"article\" \/>\n<meta property=\"og:title\" content=\"Governance Committee | Chaire de recherche sur la r\u00e9duction des in\u00e9galit\u00e9s sociales de sant\u00e9\" \/>\n<meta property=\"og:description\" content=\"The governance committee is composed of citizens living in a situation of socio-economic disadvantage, university researchers, representatives of community organizations and students. It makes decisions on the functioning of the Chair and its programme of activities. Peter Belland Citizen, peer researcher, Collectif pour un Qu\u00e9bec sans pauvret\u00e9 Pierre Cardinal Citizen, peer researcher, Laboratoire Vitalit\u00e9 Maryline [&hellip;]\" \/>\n<meta property=\"og:url\" content=\"https:\/\/chaireriss.uqam.ca\/en\/the-chair\/governance-committee\/\" \/>\n<meta property=\"og:site_name\" content=\"Chaire de recherche sur la r\u00e9duction des in\u00e9galit\u00e9s sociales de sant\u00e9\" \/>\n<meta property=\"article:modified_time\" content=\"2022-09-13T20:00:54+00:00\" \/>\n<meta name=\"twitter:card\" content=\"summary_large_image\" \/>\n<meta name=\"twitter:label1\" content=\"Est. reading time\" \/>\n\t<meta name=\"twitter:data1\" content=\"1 minute\" \/>\n<script type=\"application\/ld+json\" class=\"yoast-schema-graph\">{\"@context\":\"https:\\\/\\\/schema.org\",\"@graph\":[{\"@type\":\"WebPage\",\"@id\":\"https:\\\/\\\/chaireriss.uqam.ca\\\/en\\\/the-chair\\\/governance-committee\\\/\",\"url\":\"https:\\\/\\\/chaireriss.uqam.ca\\\/en\\\/the-chair\\\/governance-committee\\\/\",\"name\":\"Governance Committee | Chaire de recherche sur la r\u00e9duction des in\u00e9galit\u00e9s sociales de sant\u00e9\",\"isPartOf\":{\"@id\":\"https:\\\/\\\/chaireriss.uqam.ca\\\/#website\"},\"datePublished\":\"2019-08-01T00:39:22+00:00\",\"dateModified\":\"2022-09-13T20:00:54+00:00\",\"breadcrumb\":{\"@id\":\"https:\\\/\\\/chaireriss.uqam.ca\\\/en\\\/the-chair\\\/governance-committee\\\/#breadcrumb\"},\"inLanguage\":\"en-US\",\"potentialAction\":[{\"@type\":\"ReadAction\",\"target\":[\"https:\\\/\\\/chaireriss.uqam.ca\\\/en\\\/the-chair\\\/governance-committee\\\/\"]}]},{\"@type\":\"BreadcrumbList\",\"@id\":\"https:\\\/\\\/chaireriss.uqam.ca\\\/en\\\/the-chair\\\/governance-committee\\\/#breadcrumb\",\"itemListElement\":[{\"@type\":\"ListItem\",\"position\":1,\"name\":\"UQAM\",\"item\":\"https:\\\/\\\/uqam.ca\"},{\"@type\":\"ListItem\",\"position\":2,\"name\":\"Chaire de recherche sur la r\u00e9duction des in\u00e9galit\u00e9s sociales de sant\u00e9\",\"item\":\"https:\\\/\\\/chaireriss.uqam.ca\\\/en\\\/\"},{\"@type\":\"ListItem\",\"position\":3,\"name\":\"The Chair\",\"item\":\"https:\\\/\\\/chaireriss.uqam.ca\\\/en\\\/?page_id=358\"},{\"@type\":\"ListItem\",\"position\":4,\"name\":\"Governance Committee\"}]},{\"@type\":\"WebSite\",\"@id\":\"https:\\\/\\\/chaireriss.uqam.ca\\\/#website\",\"url\":\"https:\\\/\\\/chaireriss.uqam.ca\\\/\",\"name\":\"Chaire de recherche sur la r\u00e9duction des in\u00e9galit\u00e9s sociales de sant\u00e9\",\"description\":\"\",\"potentialAction\":[{\"@type\":\"SearchAction\",\"target\":{\"@type\":\"EntryPoint\",\"urlTemplate\":\"https:\\\/\\\/chaireriss.uqam.ca\\\/en\\\/\\\/recherche\\\/?q={search_term_string}\"},\"query-input\":{\"@type\":\"PropertyValueSpecification\",\"valueRequired\":true,\"valueName\":\"search_term_string\"}}],\"inLanguage\":\"en-US\"}]}<\/script>\n<!-- \/ Yoast SEO plugin. -->","yoast_head_json":{"title":"Governance Committee | Chaire de recherche sur la r\u00e9duction des in\u00e9galit\u00e9s sociales de sant\u00e9","robots":{"index":"index","follow":"follow","max-snippet":"max-snippet:-1","max-image-preview":"max-image-preview:large","max-video-preview":"max-video-preview:-1"},"canonical":"https:\/\/chaireriss.uqam.ca\/en\/the-chair\/governance-committee\/","og_locale":"en_US","og_type":"article","og_title":"Governance Committee | Chaire de recherche sur la r\u00e9duction des in\u00e9galit\u00e9s sociales de sant\u00e9","og_description":"The governance committee is composed of citizens living in a situation of socio-economic disadvantage, university researchers, representatives of community organizations and students. It makes decisions on the functioning of the Chair and its programme of activities. Peter Belland Citizen, peer researcher, Collectif pour un Qu\u00e9bec sans pauvret\u00e9 Pierre Cardinal Citizen, peer researcher, Laboratoire Vitalit\u00e9 Maryline [&hellip;]","og_url":"https:\/\/chaireriss.uqam.ca\/en\/the-chair\/governance-committee\/","og_site_name":"Chaire de recherche sur la r\u00e9duction des in\u00e9galit\u00e9s sociales de sant\u00e9","article_modified_time":"2022-09-13T20:00:54+00:00","twitter_card":"summary_large_image","twitter_misc":{"Est. reading time":"1 minute"},"schema":{"@context":"https:\/\/schema.org","@graph":[{"@type":"WebPage","@id":"https:\/\/chaireriss.uqam.ca\/en\/the-chair\/governance-committee\/","url":"https:\/\/chaireriss.uqam.ca\/en\/the-chair\/governance-committee\/","name":"Governance Committee | Chaire de recherche sur la r\u00e9duction des in\u00e9galit\u00e9s sociales de sant\u00e9","isPartOf":{"@id":"https:\/\/chaireriss.uqam.ca\/#website"},"datePublished":"2019-08-01T00:39:22+00:00","dateModified":"2022-09-13T20:00:54+00:00","breadcrumb":{"@id":"https:\/\/chaireriss.uqam.ca\/en\/the-chair\/governance-committee\/#breadcrumb"},"inLanguage":"en-US","potentialAction":[{"@type":"ReadAction","target":["https:\/\/chaireriss.uqam.ca\/en\/the-chair\/governance-committee\/"]}]},{"@type":"BreadcrumbList","@id":"https:\/\/chaireriss.uqam.ca\/en\/the-chair\/governance-committee\/#breadcrumb","itemListElement":[{"@type":"ListItem","position":1,"name":"UQAM","item":"https:\/\/uqam.ca"},{"@type":"ListItem","position":2,"name":"Chaire de recherche sur la r\u00e9duction des in\u00e9galit\u00e9s sociales de sant\u00e9","item":"https:\/\/chaireriss.uqam.ca\/en\/"},{"@type":"ListItem","position":3,"name":"The Chair","item":"https:\/\/chaireriss.uqam.ca\/en\/?page_id=358"},{"@type":"ListItem","position":4,"name":"Governance Committee"}]},{"@type":"WebSite","@id":"https:\/\/chaireriss.uqam.ca\/#website","url":"https:\/\/chaireriss.uqam.ca\/","name":"Chaire de recherche sur la r\u00e9duction des in\u00e9galit\u00e9s sociales de sant\u00e9","description":"","potentialAction":[{"@type":"SearchAction","target":{"@type":"EntryPoint","urlTemplate":"https:\/\/chaireriss.uqam.ca\/en\/\/recherche\/?q={search_term_string}"},"query-input":{"@type":"PropertyValueSpecification","valueRequired":true,"valueName":"search_term_string"}}],"inLanguage":"en-US"}]}},"_links":{"self":[{"href":"https:\/\/chaireriss.uqam.ca\/en\/wp-json\/wp\/v2\/pages\/281","targetHints":{"allow":["GET"]}}],"collection":[{"href":"https:\/\/chaireriss.uqam.ca\/en\/wp-json\/wp\/v2\/pages"}],"about":[{"href":"https:\/\/chaireriss.uqam.ca\/en\/wp-json\/wp\/v2\/types\/page"}],"author":[{"embeddable":true,"href":"https:\/\/chaireriss.uqam.ca\/en\/wp-json\/wp\/v2\/users\/510"}],"replies":[{"embeddable":true,"href":"https:\/\/chaireriss.uqam.ca\/en\/wp-json\/wp\/v2\/comments?post=281"}],"version-history":[{"count":14,"href":"https:\/\/chaireriss.uqam.ca\/en\/wp-json\/wp\/v2\/pages\/281\/revisions"}],"predecessor-version":[{"id":1875,"href":"https:\/\/chaireriss.uqam.ca\/en\/wp-json\/wp\/v2\/pages\/281\/revisions\/1875"}],"up":[{"embeddable":true,"href":"https:\/\/chaireriss.uqam.ca\/en\/wp-json\/wp\/v2\/pages\/358"}],"wp:attachment":[{"href":"https:\/\/chaireriss.uqam.ca\/en\/wp-json\/wp\/v2\/media?parent=281"}],"wp:term":[{"taxonomy":"category","embeddable":true,"href":"https:\/\/chaireriss.uqam.ca\/en\/wp-json\/wp\/v2\/categories?post=281"}],"curies":[{"name":"wp","href":"https:\/\/api.w.org\/{rel}","templated":true}]}}