{"id":276,"date":"2019-07-31T20:22:23","date_gmt":"2019-08-01T00:22:23","guid":{"rendered":"https:\/\/chaireriss.uqam.ca\/?page_id=276"},"modified":"2021-08-25T11:12:05","modified_gmt":"2021-08-25T15:12:05","slug":"chairholder","status":"publish","type":"page","link":"https:\/\/chaireriss.uqam.ca\/en\/the-team\/chairholder\/","title":{"rendered":"Chairholder"},"content":{"rendered":"\n<figure class=\"wp-block-image\"><img loading=\"lazy\" decoding=\"async\" width=\"150\" height=\"210\" src=\"https:\/\/chaireriss.uqam.ca\/wp-content\/uploads\/sites\/125\/Janie-Houle_2019_petite.jpg\" alt=\"photo de Janie Houle, titulaire de la Chaire de recherche sur la r\u00e9duction des in\u00e9galit\u00e9s sociales de sant\u00e9\" class=\"wp-image-194\" \/><\/figure>\n\n\n\n<p class=\"has-normal-font-size\">Janie Houle is a <a aria-label=\"community psychologist (s\u2019ouvre dans un nouvel onglet)\" rel=\"noreferrer noopener\" href=\"https:\/\/vitalite.uqam.ca\/definitions\/psychologie-communautaire\/\" target=\"_blank\">community psychologist<\/a> and full professor in the Department of Psychology at the <a aria-label=\"Universit\u00e9 du Qu\u00e9bec \u00e0 Montr\u00e9al (s\u2019ouvre dans un nouvel onglet)\" rel=\"noreferrer noopener\" href=\"https:\/\/professeurs.uqam.ca\/professeur\/houle.janie\/\" target=\"_blank\">Universit\u00e9 du Qu\u00e9bec \u00e0 Montr\u00e9al<\/a>. She is a regular researcher (in charge of the Front-Line Project) at the <a aria-label=\"Research Centre of the Institut universitaire en sant\u00e9 mentale de Montr\u00e9al (CR-IUSMM) (s\u2019ouvre dans un nouvel onglet)\" rel=\"noreferrer noopener\" href=\"https:\/\/criusmm.ciusss-estmtl.gouv.qc.ca\/fr\" target=\"_blank\">Research Centre of the Institut universitaire en sant\u00e9 mentale de Montr\u00e9al (CR-IUSMM)<\/a>. She is also a regular researcher at UQAM&#8217;s <a rel=\"noreferrer noopener\" href=\"http:\/\/www.crise.ca\/\" target=\"_blank\">Centre de recherche et d&#8217;intervention sur le suicide, enjeux \u00e9thiques et pratiques de fin de vie (CRISE).<\/a> She is a research member of<a href=\"http:\/\/reseau1quebec.ca\/\" target=\"_blank\" rel=\"noreferrer noopener\"> R\u00e9seau-1 Qu\u00e9bec <\/a>(responsible for the Extended Primary Line Function), the <a aria-label=\"R\u00e9seau de recherche en sant\u00e9 des populations du Qu\u00e9bec (RRSPQ) (s\u2019ouvre dans un nouvel onglet)\" href=\"https:\/\/www.santepop.qc.ca\/en\" target=\"_blank\" rel=\"noreferrer noopener\">R\u00e9seau de recherche en sant\u00e9 des populations du Qu\u00e9bec (RRSPQ)<\/a> and the <a aria-label=\"Qualaxia  (s\u2019ouvre dans un nouvel onglet)\" href=\"https:\/\/qualaxia.org\/?lg=fr\" target=\"_blank\" rel=\"noreferrer noopener\">Qualaxia <\/a>network. <\/p>\n\n\n\n<p class=\"has-normal-font-size\">After focusing on suicide prevention, her current research (funded by SSHRC, FRQS, Ouranos, MSSS and others) aims to better understand how to reduce social inequalities in health, by empowering people in vulnerable situations and promoting the establishment of environments that promote health and social justice. Her interests include mental health recovery, the well-being of people living in low income housing, self-management of anxiety\/depressive disorders and the improvement of primary health services.<\/p>\n\n\n\n<p class=\"has-normal-font-size\">All this research is carried out in close collaboration with people directly concerned by the phenomenon under study (peer researchers), community partners and partners from the health and social services sector.<\/p>\n\n\n\n<p class=\"has-normal-font-size\"><a href=\"http:\/\/vitalite.uqam.ca\/lequipe\/direction.html\" target=\"_blank\" rel=\"noreferrer noopener\" aria-label=\" (s\u2019ouvre dans un nouvel onglet)\">See her complete profile on the Vitalit\u00e9 laboratory website<\/a> (in French).<\/p>\n","protected":false},"excerpt":{"rendered":"<p>Janie Houle is a community psychologist and full professor in the Department of Psychology at the Universit\u00e9 du Qu\u00e9bec \u00e0 Montr\u00e9al. She is a regular researcher (in charge of the Front-Line Project) at the Research Centre of the Institut universitaire en sant\u00e9 mentale de Montr\u00e9al (CR-IUSMM). She is also a regular researcher at UQAM&#8217;s Centre [&hellip;]<\/p>\n","protected":false},"author":510,"featured_media":0,"parent":362,"menu_order":0,"comment_status":"closed","ping_status":"closed","template":"","meta":{"_editorskit_title_hidden":false,"_editorskit_reading_time":0,"_editorskit_is_block_options_detached":false,"_editorskit_block_options_position":"{}","footnotes":""},"categories":[],"class_list":["post-276","page","type-page","status-publish","hentry"],"yoast_head":"<!-- This site is optimized with the Yoast SEO plugin v27.5 - https:\/\/yoast.com\/product\/yoast-seo-wordpress\/ -->\n<title>Chairholder | Chaire de recherche sur la r\u00e9duction des in\u00e9galit\u00e9s sociales de sant\u00e9<\/title>\n<meta name=\"robots\" content=\"index, follow, max-snippet:-1, max-image-preview:large, max-video-preview:-1\" \/>\n<link rel=\"canonical\" href=\"https:\/\/chaireriss.uqam.ca\/en\/the-team\/chairholder\/\" \/>\n<meta property=\"og:locale\" content=\"en_US\" \/>\n<meta property=\"og:type\" content=\"article\" \/>\n<meta property=\"og:title\" content=\"Chairholder | Chaire de recherche sur la r\u00e9duction des in\u00e9galit\u00e9s sociales de sant\u00e9\" \/>\n<meta property=\"og:description\" content=\"Janie Houle is a community psychologist and full professor in the Department of Psychology at the Universit\u00e9 du Qu\u00e9bec \u00e0 Montr\u00e9al. She is a regular researcher (in charge of the Front-Line Project) at the Research Centre of the Institut universitaire en sant\u00e9 mentale de Montr\u00e9al (CR-IUSMM). She is also a regular researcher at UQAM&#8217;s Centre [&hellip;]\" \/>\n<meta property=\"og:url\" content=\"https:\/\/chaireriss.uqam.ca\/en\/the-team\/chairholder\/\" \/>\n<meta property=\"og:site_name\" content=\"Chaire de recherche sur la r\u00e9duction des in\u00e9galit\u00e9s sociales de sant\u00e9\" \/>\n<meta property=\"article:modified_time\" content=\"2021-08-25T15:12:05+00:00\" \/>\n<meta property=\"og:image\" content=\"https:\/\/chaireriss.uqam.ca\/wp-content\/uploads\/sites\/125\/Janie-Houle_2019_petite.jpg\" \/>\n<meta name=\"twitter:card\" content=\"summary_large_image\" \/>\n<meta name=\"twitter:label1\" content=\"Est. reading time\" \/>\n\t<meta name=\"twitter:data1\" content=\"2 minutes\" \/>\n<script type=\"application\/ld+json\" class=\"yoast-schema-graph\">{\"@context\":\"https:\\\/\\\/schema.org\",\"@graph\":[{\"@type\":\"WebPage\",\"@id\":\"https:\\\/\\\/chaireriss.uqam.ca\\\/en\\\/the-team\\\/chairholder\\\/\",\"url\":\"https:\\\/\\\/chaireriss.uqam.ca\\\/en\\\/the-team\\\/chairholder\\\/\",\"name\":\"Chairholder | Chaire de recherche sur la r\u00e9duction des in\u00e9galit\u00e9s sociales de sant\u00e9\",\"isPartOf\":{\"@id\":\"https:\\\/\\\/chaireriss.uqam.ca\\\/#website\"},\"primaryImageOfPage\":{\"@id\":\"https:\\\/\\\/chaireriss.uqam.ca\\\/en\\\/the-team\\\/chairholder\\\/#primaryimage\"},\"image\":{\"@id\":\"https:\\\/\\\/chaireriss.uqam.ca\\\/en\\\/the-team\\\/chairholder\\\/#primaryimage\"},\"thumbnailUrl\":\"https:\\\/\\\/chaireriss.uqam.ca\\\/wp-content\\\/uploads\\\/sites\\\/125\\\/Janie-Houle_2019_petite.jpg\",\"datePublished\":\"2019-08-01T00:22:23+00:00\",\"dateModified\":\"2021-08-25T15:12:05+00:00\",\"breadcrumb\":{\"@id\":\"https:\\\/\\\/chaireriss.uqam.ca\\\/en\\\/the-team\\\/chairholder\\\/#breadcrumb\"},\"inLanguage\":\"en-US\",\"potentialAction\":[{\"@type\":\"ReadAction\",\"target\":[\"https:\\\/\\\/chaireriss.uqam.ca\\\/en\\\/the-team\\\/chairholder\\\/\"]}]},{\"@type\":\"ImageObject\",\"inLanguage\":\"en-US\",\"@id\":\"https:\\\/\\\/chaireriss.uqam.ca\\\/en\\\/the-team\\\/chairholder\\\/#primaryimage\",\"url\":\"https:\\\/\\\/chaireriss.uqam.ca\\\/wp-content\\\/uploads\\\/sites\\\/125\\\/Janie-Houle_2019_petite.jpg\",\"contentUrl\":\"https:\\\/\\\/chaireriss.uqam.ca\\\/wp-content\\\/uploads\\\/sites\\\/125\\\/Janie-Houle_2019_petite.jpg\"},{\"@type\":\"BreadcrumbList\",\"@id\":\"https:\\\/\\\/chaireriss.uqam.ca\\\/en\\\/the-team\\\/chairholder\\\/#breadcrumb\",\"itemListElement\":[{\"@type\":\"ListItem\",\"position\":1,\"name\":\"UQAM\",\"item\":\"https:\\\/\\\/uqam.ca\"},{\"@type\":\"ListItem\",\"position\":2,\"name\":\"Chaire de recherche sur la r\u00e9duction des in\u00e9galit\u00e9s sociales de sant\u00e9\",\"item\":\"https:\\\/\\\/chaireriss.uqam.ca\\\/en\\\/\"},{\"@type\":\"ListItem\",\"position\":3,\"name\":\"The Team\",\"item\":\"https:\\\/\\\/chaireriss.uqam.ca\\\/en\\\/?page_id=362\"},{\"@type\":\"ListItem\",\"position\":4,\"name\":\"Chairholder\"}]},{\"@type\":\"WebSite\",\"@id\":\"https:\\\/\\\/chaireriss.uqam.ca\\\/#website\",\"url\":\"https:\\\/\\\/chaireriss.uqam.ca\\\/\",\"name\":\"Chaire de recherche sur la r\u00e9duction des in\u00e9galit\u00e9s sociales de sant\u00e9\",\"description\":\"\",\"potentialAction\":[{\"@type\":\"SearchAction\",\"target\":{\"@type\":\"EntryPoint\",\"urlTemplate\":\"https:\\\/\\\/chaireriss.uqam.ca\\\/en\\\/\\\/recherche\\\/?q={search_term_string}\"},\"query-input\":{\"@type\":\"PropertyValueSpecification\",\"valueRequired\":true,\"valueName\":\"search_term_string\"}}],\"inLanguage\":\"en-US\"}]}<\/script>\n<!-- \/ Yoast SEO plugin. -->","yoast_head_json":{"title":"Chairholder | Chaire de recherche sur la r\u00e9duction des in\u00e9galit\u00e9s sociales de sant\u00e9","robots":{"index":"index","follow":"follow","max-snippet":"max-snippet:-1","max-image-preview":"max-image-preview:large","max-video-preview":"max-video-preview:-1"},"canonical":"https:\/\/chaireriss.uqam.ca\/en\/the-team\/chairholder\/","og_locale":"en_US","og_type":"article","og_title":"Chairholder | Chaire de recherche sur la r\u00e9duction des in\u00e9galit\u00e9s sociales de sant\u00e9","og_description":"Janie Houle is a community psychologist and full professor in the Department of Psychology at the Universit\u00e9 du Qu\u00e9bec \u00e0 Montr\u00e9al. She is a regular researcher (in charge of the Front-Line Project) at the Research Centre of the Institut universitaire en sant\u00e9 mentale de Montr\u00e9al (CR-IUSMM). She is also a regular researcher at UQAM&#8217;s Centre [&hellip;]","og_url":"https:\/\/chaireriss.uqam.ca\/en\/the-team\/chairholder\/","og_site_name":"Chaire de recherche sur la r\u00e9duction des in\u00e9galit\u00e9s sociales de sant\u00e9","article_modified_time":"2021-08-25T15:12:05+00:00","og_image":[{"url":"https:\/\/chaireriss.uqam.ca\/wp-content\/uploads\/sites\/125\/Janie-Houle_2019_petite.jpg","type":"","width":"","height":""}],"twitter_card":"summary_large_image","twitter_misc":{"Est. reading time":"2 minutes"},"schema":{"@context":"https:\/\/schema.org","@graph":[{"@type":"WebPage","@id":"https:\/\/chaireriss.uqam.ca\/en\/the-team\/chairholder\/","url":"https:\/\/chaireriss.uqam.ca\/en\/the-team\/chairholder\/","name":"Chairholder | Chaire de recherche sur la r\u00e9duction des in\u00e9galit\u00e9s sociales de sant\u00e9","isPartOf":{"@id":"https:\/\/chaireriss.uqam.ca\/#website"},"primaryImageOfPage":{"@id":"https:\/\/chaireriss.uqam.ca\/en\/the-team\/chairholder\/#primaryimage"},"image":{"@id":"https:\/\/chaireriss.uqam.ca\/en\/the-team\/chairholder\/#primaryimage"},"thumbnailUrl":"https:\/\/chaireriss.uqam.ca\/wp-content\/uploads\/sites\/125\/Janie-Houle_2019_petite.jpg","datePublished":"2019-08-01T00:22:23+00:00","dateModified":"2021-08-25T15:12:05+00:00","breadcrumb":{"@id":"https:\/\/chaireriss.uqam.ca\/en\/the-team\/chairholder\/#breadcrumb"},"inLanguage":"en-US","potentialAction":[{"@type":"ReadAction","target":["https:\/\/chaireriss.uqam.ca\/en\/the-team\/chairholder\/"]}]},{"@type":"ImageObject","inLanguage":"en-US","@id":"https:\/\/chaireriss.uqam.ca\/en\/the-team\/chairholder\/#primaryimage","url":"https:\/\/chaireriss.uqam.ca\/wp-content\/uploads\/sites\/125\/Janie-Houle_2019_petite.jpg","contentUrl":"https:\/\/chaireriss.uqam.ca\/wp-content\/uploads\/sites\/125\/Janie-Houle_2019_petite.jpg"},{"@type":"BreadcrumbList","@id":"https:\/\/chaireriss.uqam.ca\/en\/the-team\/chairholder\/#breadcrumb","itemListElement":[{"@type":"ListItem","position":1,"name":"UQAM","item":"https:\/\/uqam.ca"},{"@type":"ListItem","position":2,"name":"Chaire de recherche sur la r\u00e9duction des in\u00e9galit\u00e9s sociales de sant\u00e9","item":"https:\/\/chaireriss.uqam.ca\/en\/"},{"@type":"ListItem","position":3,"name":"The Team","item":"https:\/\/chaireriss.uqam.ca\/en\/?page_id=362"},{"@type":"ListItem","position":4,"name":"Chairholder"}]},{"@type":"WebSite","@id":"https:\/\/chaireriss.uqam.ca\/#website","url":"https:\/\/chaireriss.uqam.ca\/","name":"Chaire de recherche sur la r\u00e9duction des in\u00e9galit\u00e9s sociales de sant\u00e9","description":"","potentialAction":[{"@type":"SearchAction","target":{"@type":"EntryPoint","urlTemplate":"https:\/\/chaireriss.uqam.ca\/en\/\/recherche\/?q={search_term_string}"},"query-input":{"@type":"PropertyValueSpecification","valueRequired":true,"valueName":"search_term_string"}}],"inLanguage":"en-US"}]}},"_links":{"self":[{"href":"https:\/\/chaireriss.uqam.ca\/en\/wp-json\/wp\/v2\/pages\/276","targetHints":{"allow":["GET"]}}],"collection":[{"href":"https:\/\/chaireriss.uqam.ca\/en\/wp-json\/wp\/v2\/pages"}],"about":[{"href":"https:\/\/chaireriss.uqam.ca\/en\/wp-json\/wp\/v2\/types\/page"}],"author":[{"embeddable":true,"href":"https:\/\/chaireriss.uqam.ca\/en\/wp-json\/wp\/v2\/users\/510"}],"replies":[{"embeddable":true,"href":"https:\/\/chaireriss.uqam.ca\/en\/wp-json\/wp\/v2\/comments?post=276"}],"version-history":[{"count":10,"href":"https:\/\/chaireriss.uqam.ca\/en\/wp-json\/wp\/v2\/pages\/276\/revisions"}],"predecessor-version":[{"id":884,"href":"https:\/\/chaireriss.uqam.ca\/en\/wp-json\/wp\/v2\/pages\/276\/revisions\/884"}],"up":[{"embeddable":true,"href":"https:\/\/chaireriss.uqam.ca\/en\/wp-json\/wp\/v2\/pages\/362"}],"wp:attachment":[{"href":"https:\/\/chaireriss.uqam.ca\/en\/wp-json\/wp\/v2\/media?parent=276"}],"wp:term":[{"taxonomy":"category","embeddable":true,"href":"https:\/\/chaireriss.uqam.ca\/en\/wp-json\/wp\/v2\/categories?post=276"}],"curies":[{"name":"wp","href":"https:\/\/api.w.org\/{rel}","templated":true}]}}