{"id":272,"date":"2019-07-31T20:13:21","date_gmt":"2019-08-01T00:13:21","guid":{"rendered":"https:\/\/chaireriss.uqam.ca\/?page_id=272"},"modified":"2021-08-25T11:23:38","modified_gmt":"2021-08-25T15:23:38","slug":"associate-researchers","status":"publish","type":"page","link":"https:\/\/chaireriss.uqam.ca\/en\/the-team\/associate-researchers\/","title":{"rendered":"Associate Researchers"},"content":{"rendered":"\n<table class=\"wp-block-table\"><tbody><tr><th><p style=\"font-size:16px\">Name &amp; Affiliation<\/p><\/th><th><p style=\"font-size:16px\">Research Focus<\/p><\/th><\/tr><tr><td><p style=\"font-size:16px\">B\u00e9langer, H\u00e9l\u00e8ne (UQAM)<\/p><\/td><td><p style=\"font-size:16px\"><a href=\"https:\/\/chaireriss.uqam.ca\/axes-de-recherche\/#axe1\">Axis 1<\/a><\/p><\/td><\/tr><tr><td><p style=\"font-size:16px\">Bernard, Paquito (UQAM)<\/p><\/td><td><p style=\"font-size:16px\"><a href=\"https:\/\/chaireriss.uqam.ca\/axes-de-recherche\/#axe1\">Axis 1<\/a><\/p><\/td><\/tr><tr><td><p style=\"font-size:16px\">Boivin, Antoine (Universit\u00e9 de Montr\u00e9al)<\/p><\/td><td><p style=\"font-size:16px\"><a href=\"https:\/\/chaireriss.uqam.ca\/axes-de-recherche\/#axe1\">Axis 1<\/a> and <a href=\"https:\/\/chaireriss.uqam.ca\/axes-de-recherche\/#axe2\">2<\/a><\/p><\/td><\/tr><tr><td><p style=\"font-size:16px\">Bouland, Catherine (Universit\u00e9 libre de Bruxelles)<\/p><\/td><td><p style=\"font-size:16px\"><a href=\"https:\/\/chaireriss.uqam.ca\/axes-de-recherche\/#axe1\">Axis 1<\/a><\/p><\/td><\/tr><tr><td><p style=\"font-size:16px\">Coulombe, Simon (Wilfrid-Laurier)<\/p><\/td><td><p style=\"font-size:16px\"><a href=\"https:\/\/chaireriss.uqam.ca\/axes-de-recherche\/#axe1\">Axis 1<\/a><\/p><\/td><\/tr><tr><td><p style=\"font-size:16px\">Duchemin, Eric (UQAM)<\/p><\/td><td><p style=\"font-size:16px\"><a href=\"https:\/\/chaireriss.uqam.ca\/axes-de-recherche\/#axe1\">Axis 1<\/a><\/p><\/td><\/tr><tr><td><p style=\"font-size:16px\">Dup\u00e9r\u00e9, Sophie (Universit\u00e9 Laval)<\/p><\/td><td><p style=\"font-size:16px\"><a href=\"https:\/\/chaireriss.uqam.ca\/axes-de-recherche\/#axe2\">Axis 2<\/a><\/p><\/td><\/tr><tr><td><p style=\"font-size:16px\">Fontan, Jean-Marc (UQAM)<\/p><\/td><td><p style=\"font-size:16px\"><a href=\"https:\/\/chaireriss.uqam.ca\/axes-de-recherche\/#axe1\">Axis 1<\/a><\/p><\/td><\/tr><tr><td><p style=\"font-size:16px\">Frohlich, Katherine (Universit\u00e9 de Montr\u00e9al)<\/p><\/td><td><p style=\"font-size:16px\"><a href=\"https:\/\/chaireriss.uqam.ca\/axes-de-recherche\/#axe1\">Axis 1<\/a><\/p><\/td><\/tr><tr><td><p style=\"font-size:16px\">Heck, Isabel (UQAM)<\/p><\/td><td><p style=\"font-size:16px\"><a href=\"https:\/\/chaireriss.uqam.ca\/axes-de-recherche\/#axe1\">Axis 1<\/a> and <a href=\"https:\/\/chaireriss.uqam.ca\/axes-de-recherche\/#axe2\">2<\/a><\/p><\/td><\/tr><tr><td><p style=\"font-size:16px\">Hudon, Catherine (Universit\u00e9 de Sherbrooke)<\/p><\/td><td><p style=\"font-size:16px\"><a href=\"https:\/\/chaireriss.uqam.ca\/axes-de-recherche\/#axe2\">Axis 2<\/a><\/p><\/td><\/tr><tr><td><p style=\"font-size:16px\">Klein, Juan-Luis (UQAM)<\/p><\/td><td><p style=\"font-size:16px\"><a href=\"https:\/\/chaireriss.uqam.ca\/axes-de-recherche\/#axe1\">Axis 1<\/a><\/p><\/td><\/tr><tr><td><p style=\"font-size:16px\">Leloup, Xavier (INRS)<\/p><\/td><td><p style=\"font-size:16px\"><a href=\"https:\/\/chaireriss.uqam.ca\/axes-de-recherche\/#axe1\">Axis 1<\/a><\/p><\/td><\/tr><tr><td><p style=\"font-size:16px\">L\u00e9onard, Maude (UQAM)<\/p><\/td><td><p style=\"font-size:16px\"><a href=\"https:\/\/chaireriss.uqam.ca\/axes-de-recherche\/#axe1\">Axis 1<\/a><\/p><\/td><\/tr><tr><td><p style=\"font-size:16px\">Loignon, Christine (Universit\u00e9 de Sherbrooke)<\/p><\/td><td><p style=\"font-size:16px\"><a href=\"https:\/\/chaireriss.uqam.ca\/axes-de-recherche\/#axe2\">Axis 2<\/a><\/p><\/td><\/tr><tr><td><p style=\"font-size:16px\">Morin, Paul (Universit\u00e9 de Sherbrooke)<\/p><\/td><td><p style=\"font-size:16px\"><a href=\"https:\/\/chaireriss.uqam.ca\/axes-de-recherche\/#axe1\">Axis 1<\/a><\/p><\/td><\/tr><tr><td><p style=\"font-size:16px\">Parent, Andr\u00e9-Anne (Universit\u00e9 de Montr\u00e9al)<\/p><\/td><td><p style=\"font-size:16px\"><a href=\"https:\/\/chaireriss.uqam.ca\/axes-de-recherche\/#axe1\">Axis 1<\/a><\/p><\/td><\/tr><tr><td><p style=\"font-size:16px\">Pelletier, Jean-Fran\u00e7ois (Universit\u00e9 de Montr\u00e9al)<\/p><\/td><td><p style=\"font-size:16px\"><a href=\"https:\/\/chaireriss.uqam.ca\/axes-de-recherche\/#axe2\">Axis 2<\/a><\/p><\/td><\/tr><tr><td><p style=\"font-size:16px\">Potvin, Louise (Universit\u00e9 de Montr\u00e9al)<\/p><\/td><td><p style=\"font-size:16px\"><a href=\"https:\/\/chaireriss.uqam.ca\/axes-de-recherche\/#axe1\">Axis 1<\/a> and <a href=\"https:\/\/chaireriss.uqam.ca\/axes-de-recherche\/#axe2\">2<\/a><\/p><\/td><\/tr><tr><td><p style=\"font-size:16px\">Provencher, Martin (Universit\u00e9 Laval)<\/p><\/td><td><p style=\"font-size:16px\"><a href=\"https:\/\/chaireriss.uqam.ca\/axes-de-recherche\/#axe2\">Axis 2<\/a><\/p><\/td><\/tr><tr><td><p style=\"font-size:16px\">Ren\u00e9, Jean-Fran\u00e7ois (UQAM)<\/p><\/td><td><p style=\"font-size:16px\"><a href=\"https:\/\/chaireriss.uqam.ca\/axes-de-recherche\/#axe1\">Axis 1<\/a> and <a href=\"https:\/\/chaireriss.uqam.ca\/axes-de-recherche\/#axe2\">2<\/a><\/p><\/td><\/tr><tr><td><p style=\"font-size:16px\">Ridde, Val\u00e9ry (Universit\u00e9 Paris Descartes)<\/p><\/td><td><p style=\"font-size:16px\"><a href=\"https:\/\/chaireriss.uqam.ca\/axes-de-recherche\/#axe1\">Axis 1<\/a><\/p><\/td><\/tr><tr><td><p style=\"font-size:16px\">Roberge, Pasquale (Universit\u00e9 de Sherbrooke)<\/p><\/td><td><p style=\"font-size:16px\"><a href=\"https:\/\/chaireriss.uqam.ca\/axes-de-recherche\/#axe2\">Axis 2<\/a><\/p><\/td><\/tr><tr><td><p style=\"font-size:16px\">Sa\u00efas, Thomas (UQAM)<\/p><\/td><td><p style=\"font-size:16px\"><a href=\"https:\/\/chaireriss.uqam.ca\/axes-de-recherche\/#axe1\">Axis 1<\/a><\/p><\/td><\/tr><tr><td><p style=\"font-size:16px\">Torres, Juan (Universit\u00e9 de Montr\u00e9al)<\/p><\/td><td><p style=\"font-size:16px\"><a href=\"https:\/\/chaireriss.uqam.ca\/axes-de-recherche\/#axe1\">Axis 1<\/a><\/p><\/td><\/tr><\/tbody><\/table>\n","protected":false},"excerpt":{"rendered":"<p>Name &amp; Affiliation Research Focus B\u00e9langer, H\u00e9l\u00e8ne (UQAM) Axis 1 Bernard, Paquito (UQAM) Axis 1 Boivin, Antoine (Universit\u00e9 de Montr\u00e9al) Axis 1 and 2 Bouland, Catherine (Universit\u00e9 libre de Bruxelles) Axis 1 Coulombe, Simon (Wilfrid-Laurier) Axis 1 Duchemin, Eric (UQAM) Axis 1 Dup\u00e9r\u00e9, Sophie (Universit\u00e9 Laval) Axis 2 Fontan, Jean-Marc (UQAM) Axis 1 Frohlich, Katherine [&hellip;]<\/p>\n","protected":false},"author":510,"featured_media":0,"parent":362,"menu_order":0,"comment_status":"closed","ping_status":"closed","template":"","meta":{"_editorskit_title_hidden":false,"_editorskit_reading_time":0,"_editorskit_is_block_options_detached":false,"_editorskit_block_options_position":"{}","footnotes":""},"categories":[],"class_list":["post-272","page","type-page","status-publish","hentry"],"yoast_head":"<!-- This site is optimized with the Yoast SEO plugin v27.4 - https:\/\/yoast.com\/product\/yoast-seo-wordpress\/ -->\n<title>Associate Researchers | Chaire de recherche sur la r\u00e9duction des in\u00e9galit\u00e9s sociales de sant\u00e9<\/title>\n<meta name=\"robots\" content=\"index, follow, max-snippet:-1, max-image-preview:large, max-video-preview:-1\" \/>\n<link rel=\"canonical\" href=\"https:\/\/chaireriss.uqam.ca\/en\/the-team\/associate-researchers\/\" \/>\n<meta property=\"og:locale\" content=\"en_US\" \/>\n<meta property=\"og:type\" content=\"article\" \/>\n<meta property=\"og:title\" content=\"Associate Researchers | Chaire de recherche sur la r\u00e9duction des in\u00e9galit\u00e9s sociales de sant\u00e9\" \/>\n<meta property=\"og:description\" content=\"Name &amp; Affiliation Research Focus B\u00e9langer, H\u00e9l\u00e8ne (UQAM) Axis 1 Bernard, Paquito (UQAM) Axis 1 Boivin, Antoine (Universit\u00e9 de Montr\u00e9al) Axis 1 and 2 Bouland, Catherine (Universit\u00e9 libre de Bruxelles) Axis 1 Coulombe, Simon (Wilfrid-Laurier) Axis 1 Duchemin, Eric (UQAM) Axis 1 Dup\u00e9r\u00e9, Sophie (Universit\u00e9 Laval) Axis 2 Fontan, Jean-Marc (UQAM) Axis 1 Frohlich, Katherine [&hellip;]\" \/>\n<meta property=\"og:url\" content=\"https:\/\/chaireriss.uqam.ca\/en\/the-team\/associate-researchers\/\" \/>\n<meta property=\"og:site_name\" content=\"Chaire de recherche sur la r\u00e9duction des in\u00e9galit\u00e9s sociales de sant\u00e9\" \/>\n<meta property=\"article:modified_time\" content=\"2021-08-25T15:23:38+00:00\" \/>\n<meta name=\"twitter:card\" content=\"summary_large_image\" \/>\n<meta name=\"twitter:label1\" content=\"Est. reading time\" \/>\n\t<meta name=\"twitter:data1\" content=\"1 minute\" \/>\n<script type=\"application\/ld+json\" class=\"yoast-schema-graph\">{\"@context\":\"https:\\\/\\\/schema.org\",\"@graph\":[{\"@type\":\"WebPage\",\"@id\":\"https:\\\/\\\/chaireriss.uqam.ca\\\/en\\\/the-team\\\/associate-researchers\\\/\",\"url\":\"https:\\\/\\\/chaireriss.uqam.ca\\\/en\\\/the-team\\\/associate-researchers\\\/\",\"name\":\"Associate Researchers | Chaire de recherche sur la r\u00e9duction des in\u00e9galit\u00e9s sociales de sant\u00e9\",\"isPartOf\":{\"@id\":\"https:\\\/\\\/chaireriss.uqam.ca\\\/#website\"},\"datePublished\":\"2019-08-01T00:13:21+00:00\",\"dateModified\":\"2021-08-25T15:23:38+00:00\",\"breadcrumb\":{\"@id\":\"https:\\\/\\\/chaireriss.uqam.ca\\\/en\\\/the-team\\\/associate-researchers\\\/#breadcrumb\"},\"inLanguage\":\"en-US\",\"potentialAction\":[{\"@type\":\"ReadAction\",\"target\":[\"https:\\\/\\\/chaireriss.uqam.ca\\\/en\\\/the-team\\\/associate-researchers\\\/\"]}]},{\"@type\":\"BreadcrumbList\",\"@id\":\"https:\\\/\\\/chaireriss.uqam.ca\\\/en\\\/the-team\\\/associate-researchers\\\/#breadcrumb\",\"itemListElement\":[{\"@type\":\"ListItem\",\"position\":1,\"name\":\"UQAM\",\"item\":\"https:\\\/\\\/uqam.ca\"},{\"@type\":\"ListItem\",\"position\":2,\"name\":\"Chaire de recherche sur la r\u00e9duction des in\u00e9galit\u00e9s sociales de sant\u00e9\",\"item\":\"https:\\\/\\\/chaireriss.uqam.ca\\\/en\\\/\"},{\"@type\":\"ListItem\",\"position\":3,\"name\":\"The Team\",\"item\":\"https:\\\/\\\/chaireriss.uqam.ca\\\/en\\\/?page_id=362\"},{\"@type\":\"ListItem\",\"position\":4,\"name\":\"Associate Researchers\"}]},{\"@type\":\"WebSite\",\"@id\":\"https:\\\/\\\/chaireriss.uqam.ca\\\/#website\",\"url\":\"https:\\\/\\\/chaireriss.uqam.ca\\\/\",\"name\":\"Chaire de recherche sur la r\u00e9duction des in\u00e9galit\u00e9s sociales de sant\u00e9\",\"description\":\"\",\"potentialAction\":[{\"@type\":\"SearchAction\",\"target\":{\"@type\":\"EntryPoint\",\"urlTemplate\":\"https:\\\/\\\/chaireriss.uqam.ca\\\/en\\\/\\\/recherche\\\/?q={search_term_string}\"},\"query-input\":{\"@type\":\"PropertyValueSpecification\",\"valueRequired\":true,\"valueName\":\"search_term_string\"}}],\"inLanguage\":\"en-US\"}]}<\/script>\n<!-- \/ Yoast SEO plugin. -->","yoast_head_json":{"title":"Associate Researchers | Chaire de recherche sur la r\u00e9duction des in\u00e9galit\u00e9s sociales de sant\u00e9","robots":{"index":"index","follow":"follow","max-snippet":"max-snippet:-1","max-image-preview":"max-image-preview:large","max-video-preview":"max-video-preview:-1"},"canonical":"https:\/\/chaireriss.uqam.ca\/en\/the-team\/associate-researchers\/","og_locale":"en_US","og_type":"article","og_title":"Associate Researchers | Chaire de recherche sur la r\u00e9duction des in\u00e9galit\u00e9s sociales de sant\u00e9","og_description":"Name &amp; Affiliation Research Focus B\u00e9langer, H\u00e9l\u00e8ne (UQAM) Axis 1 Bernard, Paquito (UQAM) Axis 1 Boivin, Antoine (Universit\u00e9 de Montr\u00e9al) Axis 1 and 2 Bouland, Catherine (Universit\u00e9 libre de Bruxelles) Axis 1 Coulombe, Simon (Wilfrid-Laurier) Axis 1 Duchemin, Eric (UQAM) Axis 1 Dup\u00e9r\u00e9, Sophie (Universit\u00e9 Laval) Axis 2 Fontan, Jean-Marc (UQAM) Axis 1 Frohlich, Katherine [&hellip;]","og_url":"https:\/\/chaireriss.uqam.ca\/en\/the-team\/associate-researchers\/","og_site_name":"Chaire de recherche sur la r\u00e9duction des in\u00e9galit\u00e9s sociales de sant\u00e9","article_modified_time":"2021-08-25T15:23:38+00:00","twitter_card":"summary_large_image","twitter_misc":{"Est. reading time":"1 minute"},"schema":{"@context":"https:\/\/schema.org","@graph":[{"@type":"WebPage","@id":"https:\/\/chaireriss.uqam.ca\/en\/the-team\/associate-researchers\/","url":"https:\/\/chaireriss.uqam.ca\/en\/the-team\/associate-researchers\/","name":"Associate Researchers | Chaire de recherche sur la r\u00e9duction des in\u00e9galit\u00e9s sociales de sant\u00e9","isPartOf":{"@id":"https:\/\/chaireriss.uqam.ca\/#website"},"datePublished":"2019-08-01T00:13:21+00:00","dateModified":"2021-08-25T15:23:38+00:00","breadcrumb":{"@id":"https:\/\/chaireriss.uqam.ca\/en\/the-team\/associate-researchers\/#breadcrumb"},"inLanguage":"en-US","potentialAction":[{"@type":"ReadAction","target":["https:\/\/chaireriss.uqam.ca\/en\/the-team\/associate-researchers\/"]}]},{"@type":"BreadcrumbList","@id":"https:\/\/chaireriss.uqam.ca\/en\/the-team\/associate-researchers\/#breadcrumb","itemListElement":[{"@type":"ListItem","position":1,"name":"UQAM","item":"https:\/\/uqam.ca"},{"@type":"ListItem","position":2,"name":"Chaire de recherche sur la r\u00e9duction des in\u00e9galit\u00e9s sociales de sant\u00e9","item":"https:\/\/chaireriss.uqam.ca\/en\/"},{"@type":"ListItem","position":3,"name":"The Team","item":"https:\/\/chaireriss.uqam.ca\/en\/?page_id=362"},{"@type":"ListItem","position":4,"name":"Associate Researchers"}]},{"@type":"WebSite","@id":"https:\/\/chaireriss.uqam.ca\/#website","url":"https:\/\/chaireriss.uqam.ca\/","name":"Chaire de recherche sur la r\u00e9duction des in\u00e9galit\u00e9s sociales de sant\u00e9","description":"","potentialAction":[{"@type":"SearchAction","target":{"@type":"EntryPoint","urlTemplate":"https:\/\/chaireriss.uqam.ca\/en\/\/recherche\/?q={search_term_string}"},"query-input":{"@type":"PropertyValueSpecification","valueRequired":true,"valueName":"search_term_string"}}],"inLanguage":"en-US"}]}},"_links":{"self":[{"href":"https:\/\/chaireriss.uqam.ca\/en\/wp-json\/wp\/v2\/pages\/272","targetHints":{"allow":["GET"]}}],"collection":[{"href":"https:\/\/chaireriss.uqam.ca\/en\/wp-json\/wp\/v2\/pages"}],"about":[{"href":"https:\/\/chaireriss.uqam.ca\/en\/wp-json\/wp\/v2\/types\/page"}],"author":[{"embeddable":true,"href":"https:\/\/chaireriss.uqam.ca\/en\/wp-json\/wp\/v2\/users\/510"}],"replies":[{"embeddable":true,"href":"https:\/\/chaireriss.uqam.ca\/en\/wp-json\/wp\/v2\/comments?post=272"}],"version-history":[{"count":4,"href":"https:\/\/chaireriss.uqam.ca\/en\/wp-json\/wp\/v2\/pages\/272\/revisions"}],"predecessor-version":[{"id":886,"href":"https:\/\/chaireriss.uqam.ca\/en\/wp-json\/wp\/v2\/pages\/272\/revisions\/886"}],"up":[{"embeddable":true,"href":"https:\/\/chaireriss.uqam.ca\/en\/wp-json\/wp\/v2\/pages\/362"}],"wp:attachment":[{"href":"https:\/\/chaireriss.uqam.ca\/en\/wp-json\/wp\/v2\/media?parent=272"}],"wp:term":[{"taxonomy":"category","embeddable":true,"href":"https:\/\/chaireriss.uqam.ca\/en\/wp-json\/wp\/v2\/categories?post=272"}],"curies":[{"name":"wp","href":"https:\/\/api.w.org\/{rel}","templated":true}]}}