{"id":242,"date":"2019-07-24T09:56:58","date_gmt":"2019-07-24T13:56:58","guid":{"rendered":"https:\/\/wwd-chaireriss.uqam.ca\/?page_id=242"},"modified":"2023-01-30T16:19:50","modified_gmt":"2023-01-30T21:19:50","slug":"to-reach-us","status":"publish","type":"page","link":"https:\/\/chaireriss.uqam.ca\/en\/to-reach-us\/","title":{"rendered":"Contact Us"},"content":{"rendered":"\n<p class=\"has-normal-font-size\">Research Chair in the Reduction of Social Inequalities in Health<\/p>\n\n\n\n<p>Email: <a href=\"mailto:chaireriss@uqam.ca\">chaireriss@uqam.ca<\/a><\/p>\n\n\n\n<p class=\"has-normal-font-size\"><br><strong>Janie Houle, professor<\/strong><br> Department of Psychology<br> Universit\u00e9 du Qu\u00e9bec \u00e0 Montr\u00e9al<br> Pavillon Adrien-Pinard (SU), suite SU-4655<br> 100, rue Sherbrooke Ouest<br> Montr\u00e9al, Qu\u00e9bec, H2X 3P2<br> Phone : 514-987-3000, ext. 4751<br> Fax : 514-987-0350<br> <a rel=\"noreferrer noopener\" href=\"mailto:houle.janie@uqam.ca\" target=\"_blank\">houle.janie@uqam.ca<\/a><\/p>\n","protected":false},"excerpt":{"rendered":"<p>Research Chair in the Reduction of Social Inequalities in Health Email: chaireriss@uqam.ca Janie Houle, professor Department of Psychology Universit\u00e9 du Qu\u00e9bec \u00e0 Montr\u00e9al Pavillon Adrien-Pinard (SU), suite SU-4655 100, rue Sherbrooke Ouest Montr\u00e9al, Qu\u00e9bec, H2X 3P2 Phone : 514-987-3000, ext. 4751 Fax : 514-987-0350 houle.janie@uqam.ca<\/p>\n","protected":false},"author":492,"featured_media":0,"parent":0,"menu_order":0,"comment_status":"closed","ping_status":"closed","template":"","meta":{"_editorskit_title_hidden":false,"_editorskit_reading_time":1,"_editorskit_is_block_options_detached":false,"_editorskit_block_options_position":"{}","footnotes":""},"categories":[],"class_list":["post-242","page","type-page","status-publish","hentry"],"yoast_head":"<!-- This site is optimized with the Yoast SEO plugin v27.4 - https:\/\/yoast.com\/product\/yoast-seo-wordpress\/ -->\n<title>Contact Us | Chaire de recherche sur la r\u00e9duction des in\u00e9galit\u00e9s sociales de sant\u00e9<\/title>\n<meta name=\"robots\" content=\"index, follow, max-snippet:-1, max-image-preview:large, max-video-preview:-1\" \/>\n<link rel=\"canonical\" href=\"https:\/\/chaireriss.uqam.ca\/en\/to-reach-us\/\" \/>\n<meta property=\"og:locale\" content=\"en_US\" \/>\n<meta property=\"og:type\" content=\"article\" \/>\n<meta property=\"og:title\" content=\"Contact Us | Chaire de recherche sur la r\u00e9duction des in\u00e9galit\u00e9s sociales de sant\u00e9\" \/>\n<meta property=\"og:description\" content=\"Research Chair in the Reduction of Social Inequalities in Health Email: chaireriss@uqam.ca Janie Houle, professor Department of Psychology Universit\u00e9 du Qu\u00e9bec \u00e0 Montr\u00e9al Pavillon Adrien-Pinard (SU), suite SU-4655 100, rue Sherbrooke Ouest Montr\u00e9al, Qu\u00e9bec, H2X 3P2 Phone : 514-987-3000, ext. 4751 Fax : 514-987-0350 houle.janie@uqam.ca\" \/>\n<meta property=\"og:url\" content=\"https:\/\/chaireriss.uqam.ca\/en\/to-reach-us\/\" \/>\n<meta property=\"og:site_name\" content=\"Chaire de recherche sur la r\u00e9duction des in\u00e9galit\u00e9s sociales de sant\u00e9\" \/>\n<meta property=\"article:modified_time\" content=\"2023-01-30T21:19:50+00:00\" \/>\n<meta name=\"twitter:card\" content=\"summary_large_image\" \/>\n<script type=\"application\/ld+json\" class=\"yoast-schema-graph\">{\"@context\":\"https:\\\/\\\/schema.org\",\"@graph\":[{\"@type\":\"WebPage\",\"@id\":\"https:\\\/\\\/chaireriss.uqam.ca\\\/en\\\/to-reach-us\\\/\",\"url\":\"https:\\\/\\\/chaireriss.uqam.ca\\\/en\\\/to-reach-us\\\/\",\"name\":\"Contact Us | Chaire de recherche sur la r\u00e9duction des in\u00e9galit\u00e9s sociales de sant\u00e9\",\"isPartOf\":{\"@id\":\"https:\\\/\\\/chaireriss.uqam.ca\\\/#website\"},\"datePublished\":\"2019-07-24T13:56:58+00:00\",\"dateModified\":\"2023-01-30T21:19:50+00:00\",\"breadcrumb\":{\"@id\":\"https:\\\/\\\/chaireriss.uqam.ca\\\/en\\\/to-reach-us\\\/#breadcrumb\"},\"inLanguage\":\"en-US\",\"potentialAction\":[{\"@type\":\"ReadAction\",\"target\":[\"https:\\\/\\\/chaireriss.uqam.ca\\\/en\\\/to-reach-us\\\/\"]}]},{\"@type\":\"BreadcrumbList\",\"@id\":\"https:\\\/\\\/chaireriss.uqam.ca\\\/en\\\/to-reach-us\\\/#breadcrumb\",\"itemListElement\":[{\"@type\":\"ListItem\",\"position\":1,\"name\":\"UQAM\",\"item\":\"https:\\\/\\\/uqam.ca\"},{\"@type\":\"ListItem\",\"position\":2,\"name\":\"Chaire de recherche sur la r\u00e9duction des in\u00e9galit\u00e9s sociales de sant\u00e9\",\"item\":\"https:\\\/\\\/chaireriss.uqam.ca\\\/en\\\/\"},{\"@type\":\"ListItem\",\"position\":3,\"name\":\"Contact Us\"}]},{\"@type\":\"WebSite\",\"@id\":\"https:\\\/\\\/chaireriss.uqam.ca\\\/#website\",\"url\":\"https:\\\/\\\/chaireriss.uqam.ca\\\/\",\"name\":\"Chaire de recherche sur la r\u00e9duction des in\u00e9galit\u00e9s sociales de sant\u00e9\",\"description\":\"\",\"potentialAction\":[{\"@type\":\"SearchAction\",\"target\":{\"@type\":\"EntryPoint\",\"urlTemplate\":\"https:\\\/\\\/chaireriss.uqam.ca\\\/en\\\/\\\/recherche\\\/?q={search_term_string}\"},\"query-input\":{\"@type\":\"PropertyValueSpecification\",\"valueRequired\":true,\"valueName\":\"search_term_string\"}}],\"inLanguage\":\"en-US\"}]}<\/script>\n<!-- \/ Yoast SEO plugin. -->","yoast_head_json":{"title":"Contact Us | Chaire de recherche sur la r\u00e9duction des in\u00e9galit\u00e9s sociales de sant\u00e9","robots":{"index":"index","follow":"follow","max-snippet":"max-snippet:-1","max-image-preview":"max-image-preview:large","max-video-preview":"max-video-preview:-1"},"canonical":"https:\/\/chaireriss.uqam.ca\/en\/to-reach-us\/","og_locale":"en_US","og_type":"article","og_title":"Contact Us | Chaire de recherche sur la r\u00e9duction des in\u00e9galit\u00e9s sociales de sant\u00e9","og_description":"Research Chair in the Reduction of Social Inequalities in Health Email: chaireriss@uqam.ca Janie Houle, professor Department of Psychology Universit\u00e9 du Qu\u00e9bec \u00e0 Montr\u00e9al Pavillon Adrien-Pinard (SU), suite SU-4655 100, rue Sherbrooke Ouest Montr\u00e9al, Qu\u00e9bec, H2X 3P2 Phone : 514-987-3000, ext. 4751 Fax : 514-987-0350 houle.janie@uqam.ca","og_url":"https:\/\/chaireriss.uqam.ca\/en\/to-reach-us\/","og_site_name":"Chaire de recherche sur la r\u00e9duction des in\u00e9galit\u00e9s sociales de sant\u00e9","article_modified_time":"2023-01-30T21:19:50+00:00","twitter_card":"summary_large_image","schema":{"@context":"https:\/\/schema.org","@graph":[{"@type":"WebPage","@id":"https:\/\/chaireriss.uqam.ca\/en\/to-reach-us\/","url":"https:\/\/chaireriss.uqam.ca\/en\/to-reach-us\/","name":"Contact Us | Chaire de recherche sur la r\u00e9duction des in\u00e9galit\u00e9s sociales de sant\u00e9","isPartOf":{"@id":"https:\/\/chaireriss.uqam.ca\/#website"},"datePublished":"2019-07-24T13:56:58+00:00","dateModified":"2023-01-30T21:19:50+00:00","breadcrumb":{"@id":"https:\/\/chaireriss.uqam.ca\/en\/to-reach-us\/#breadcrumb"},"inLanguage":"en-US","potentialAction":[{"@type":"ReadAction","target":["https:\/\/chaireriss.uqam.ca\/en\/to-reach-us\/"]}]},{"@type":"BreadcrumbList","@id":"https:\/\/chaireriss.uqam.ca\/en\/to-reach-us\/#breadcrumb","itemListElement":[{"@type":"ListItem","position":1,"name":"UQAM","item":"https:\/\/uqam.ca"},{"@type":"ListItem","position":2,"name":"Chaire de recherche sur la r\u00e9duction des in\u00e9galit\u00e9s sociales de sant\u00e9","item":"https:\/\/chaireriss.uqam.ca\/en\/"},{"@type":"ListItem","position":3,"name":"Contact Us"}]},{"@type":"WebSite","@id":"https:\/\/chaireriss.uqam.ca\/#website","url":"https:\/\/chaireriss.uqam.ca\/","name":"Chaire de recherche sur la r\u00e9duction des in\u00e9galit\u00e9s sociales de sant\u00e9","description":"","potentialAction":[{"@type":"SearchAction","target":{"@type":"EntryPoint","urlTemplate":"https:\/\/chaireriss.uqam.ca\/en\/\/recherche\/?q={search_term_string}"},"query-input":{"@type":"PropertyValueSpecification","valueRequired":true,"valueName":"search_term_string"}}],"inLanguage":"en-US"}]}},"_links":{"self":[{"href":"https:\/\/chaireriss.uqam.ca\/en\/wp-json\/wp\/v2\/pages\/242","targetHints":{"allow":["GET"]}}],"collection":[{"href":"https:\/\/chaireriss.uqam.ca\/en\/wp-json\/wp\/v2\/pages"}],"about":[{"href":"https:\/\/chaireriss.uqam.ca\/en\/wp-json\/wp\/v2\/types\/page"}],"author":[{"embeddable":true,"href":"https:\/\/chaireriss.uqam.ca\/en\/wp-json\/wp\/v2\/users\/492"}],"replies":[{"embeddable":true,"href":"https:\/\/chaireriss.uqam.ca\/en\/wp-json\/wp\/v2\/comments?post=242"}],"version-history":[{"count":8,"href":"https:\/\/chaireriss.uqam.ca\/en\/wp-json\/wp\/v2\/pages\/242\/revisions"}],"predecessor-version":[{"id":2139,"href":"https:\/\/chaireriss.uqam.ca\/en\/wp-json\/wp\/v2\/pages\/242\/revisions\/2139"}],"wp:attachment":[{"href":"https:\/\/chaireriss.uqam.ca\/en\/wp-json\/wp\/v2\/media?parent=242"}],"wp:term":[{"taxonomy":"category","embeddable":true,"href":"https:\/\/chaireriss.uqam.ca\/en\/wp-json\/wp\/v2\/categories?post=242"}],"curies":[{"name":"wp","href":"https:\/\/api.w.org\/{rel}","templated":true}]}}